{"id":2555,"date":"2025-04-10T14:31:46","date_gmt":"2025-04-10T12:31:46","guid":{"rendered":"https:\/\/2026.mensch-und-kommunikation.de\/contact-us\/"},"modified":"2025-06-24T11:12:22","modified_gmt":"2025-06-24T09:12:22","slug":"contact-us","status":"publish","type":"page","link":"https:\/\/2026.mensch-und-kommunikation.de\/en\/contact-us\/","title":{"rendered":"Contact us"},"content":{"rendered":"<section id=\"block_5cd21acd19d64ae74e757db62f21af2d\" class=\"block abstand \">\n    <div class=\"container pt-normal pb-0 bg-no\">\n        <div class=\"\"><\/div>\n    <\/div>\n<\/section>\t\n\n<section id=\"block_cd6c4e0e2d936d726aacbd2e27b02056\" class=\"block zweispalter\">\n    <div class=\"container pt-normal pb-normal bg-no\">\n        <div class=\"row sameheightbox\">\n                    <div class=\"col-lg-6 linke-spalte position-relative mb-5 mb-lg-0\">\n                <img loading=\"lazy\" decoding=\"async\" width=\"632\" height=\"498\" src=\"https:\/\/2026.mensch-und-kommunikation.de\/wp-content\/uploads\/2025\/04\/Group-359.png\" class=\"attachment-zweispalter size-zweispalter\" alt=\"Jaqui Mackedanz, eine Frau mit langem, welligem blondem Haar, die einen braunen Blazer \u00fcber einem schwarzen Spitzentop tr\u00e4gt, steht vor \u00fcberlappenden blauen und gr\u00fcnen Kreisgrafiken.\" srcset=\"https:\/\/2026.mensch-und-kommunikation.de\/wp-content\/uploads\/2025\/04\/Group-359.png 632w, https:\/\/2026.mensch-und-kommunikation.de\/wp-content\/uploads\/2025\/04\/Group-359-300x236.png 300w, https:\/\/2026.mensch-und-kommunikation.de\/wp-content\/uploads\/2025\/04\/Group-359-260x205.png 260w\" sizes=\"auto, (max-width: 632px) 100vw, 632px\" \/><div class=\"module text rahmen\">\n        <p><strong>Jaqui Mackedanz<\/strong><br \/>L&amp;D Specialist<br \/><a class=\"maillink\" href=\"mailto:info@menschundkommunikation.de\">info@menschundkommunikation.de<\/a><br \/><a class=\"phonelink\" href=\"tel:+49%20(0)%20123%20485764\">+49 (89) 41 61 37 800<\/a><\/p>\n\n    <\/div>            <\/div>\n            <div class=\"col-lg-6 rechte-spalte position-relative\">\n                <div class=\"module text \">\n        <h2><span class=\"textbg-inner\">Contact us<\/span><\/h2>\n<p>Communication begins with contact. Thank you for making contact &#8211; we will be happy to get in touch with you.<\/p>\n<p class=\"wpcf7-contact-form-not-found\"><strong>Error:<\/strong> Contact form not found.<\/p>\n\n    <\/div>            <\/div>\n                    <\/div>\n    <\/div>\n<\/section>\n\n\n\n<section id=\"impact\" class=\"block news-teaser\">\n    <div class=\"container pt-normal pb-normal bg-no\">\n        <div class=\"row\">\n            <div class=\"col-lg-5\">\n                <h2>Our <span class=\"textbg-inner\">Impact<\/span><\/h2>\n<p>Our work has an impact &#8211; in the development of managers, the quality of our training and the trust of our clients. Here we share the successes that characterize our work and ensure sustainable change in companies. <\/p>\n            <\/div>\n            <div class=\"col-lg-4 offset-lg-3 align-self-end position-relative all-posts text-lg-end\">\n                            <\/div>\n            <div class=\"col-12 mt-4\">\n                <div class=\"slider sameheightbox\" id=\"slider-impact\" data-slick='{\"arrows\": false, \"autoplay\": false, \"slidesToShow\": 3,\"responsive\": [{\"breakpoint\":1400,\"settings\":{\"slidesToShow\": 3}},{\"breakpoint\":1200,\"settings\":{\"slidesToShow\": 2}},{\"breakpoint\":768,\"settings\":{\"slidesToShow\": 1}}]}'>   \n            <div>\n               <a class=\"\" href=\"https:\/\/2026.mensch-und-kommunikation.de\/en\/2025\/11\/20\/german-education-award-2024-2025-2\/\">                                <div class=\"item sameheightitem \">\n                               \n                                    <div class=\"image\"><img loading=\"lazy\" decoding=\"async\" width=\"1\" height=\"1\" src=\"https:\/\/2026.mensch-und-kommunikation.de\/wp-content\/uploads\/2025\/11\/MASTER_DBA-2025_2026.svg\" class=\"attachment-news-bild size-news-bild\" alt=\"Eine runde Plakette mit dem roten ntv-Logo im oberen Bereich hebt den Deutschen Bildungs-Award 2025\/2026 in fetten schwarzen Buchstaben hervor. Darunter steht das Deutsche Institut f\u00fcr Service-Qualit\u00e4t.\" \/><\/div>                                \n                                <div class=\"cat Award\">Award<\/div>                                <div class=\"textbox\">\n                                                                        <h3>German Education Award 2024\/2025<\/h3>\n                                    <div class=\"datum\">20.11.2025<\/div>                                    <div class=\"excerpt\"><p>mensch &#038; kommunikation also wins the German Education Award in the \u201cExecutive training\u201d category in 2024\/2025.<\/p>\n<\/div>\n                                                                    <\/div>\n                                <a class=\"more\" href=\"https:\/\/2026.mensch-und-kommunikation.de\/en\/2025\/11\/20\/german-education-award-2024-2025-2\/\"><svg xmlns=\"http:\/\/www.w3.org\/2000\/svg\" width=\"39\" height=\"39\" viewBox=\"0 0 39 39\">\n  <g id=\"Group_95\" data-name=\"Group 95\" transform=\"translate(-379 -8933)\">\n    <circle id=\"Ellipse_76\" data-name=\"Ellipse 76\" cx=\"19.5\" cy=\"19.5\" r=\"19.5\" transform=\"translate(379 8933)\" fill=\"#00a1d8\"\/>\n    <path id=\"Path_50\" data-name=\"Path 50\" d=\"M3878.419,293.358l7.886,7.886h4.171l-7.886-7.886,7.886-7.886h-4.171Z\" transform=\"translate(4282.948 9246.244) rotate(180)\" fill=\"#1a1a1a\"\/>\n  <\/g>\n<\/svg>\nRead Post<\/a>                            <\/div><\/a> <\/div>\n\t\t            <div>\n               <a class=\"\" href=\"https:\/\/2026.mensch-und-kommunikation.de\/en\/2025\/04\/15\/german-education-award-2024-2025\/\">                                <div class=\"item sameheightitem \">\n                               \n                                    <div class=\"image\"><img loading=\"lazy\" decoding=\"async\" width=\"500\" height=\"350\" src=\"https:\/\/2026.mensch-und-kommunikation.de\/wp-content\/uploads\/2025\/04\/Symbolbild-Award-500x350.webp\" class=\"attachment-news-bild size-news-bild\" alt=\"A clear glass star-shaped trophy sits on a white surface against a dark green background, illuminated by soft light.\" \/><\/div>                                \n                                <div class=\"cat Award\">Award<\/div>                                <div class=\"textbox\">\n                                                                        <h3>German Education Award 2024\/2025<\/h3>\n                                    <div class=\"datum\">15.4.2025<\/div>                                    <div class=\"excerpt\"><p>mensch &#038; kommunikation also wins the German Education Award in the \u201cExecutive training\u201d category in 2024\/2025.<\/p>\n<\/div>\n                                                                    <\/div>\n                                <a class=\"more\" href=\"https:\/\/2026.mensch-und-kommunikation.de\/en\/2025\/04\/15\/german-education-award-2024-2025\/\"><svg xmlns=\"http:\/\/www.w3.org\/2000\/svg\" width=\"39\" height=\"39\" viewBox=\"0 0 39 39\">\n  <g id=\"Group_95\" data-name=\"Group 95\" transform=\"translate(-379 -8933)\">\n    <circle id=\"Ellipse_76\" data-name=\"Ellipse 76\" cx=\"19.5\" cy=\"19.5\" r=\"19.5\" transform=\"translate(379 8933)\" fill=\"#00a1d8\"\/>\n    <path id=\"Path_50\" data-name=\"Path 50\" d=\"M3878.419,293.358l7.886,7.886h4.171l-7.886-7.886,7.886-7.886h-4.171Z\" transform=\"translate(4282.948 9246.244) rotate(180)\" fill=\"#1a1a1a\"\/>\n  <\/g>\n<\/svg>\nRead Post<\/a>                            <\/div><\/a> <\/div>\n\t\t            <div>\n               <a class=\"\" href=\"https:\/\/2026.mensch-und-kommunikation.de\/en\/2024\/01\/08\/mk-is-blanchard-global-partner-of-the-year\/\">                                <div class=\"item sameheightitem \">\n                               \n                                    <div class=\"image\"><img loading=\"lazy\" decoding=\"async\" width=\"500\" height=\"350\" src=\"https:\/\/2026.mensch-und-kommunikation.de\/wp-content\/uploads\/2025\/03\/blanchard-logo-500x350.webp\" class=\"attachment-news-bild size-news-bild\" alt=\"The image shows a modern, interlocking blue and green b and d logo above the word blanchard in bold, lowercase navy blue letters, all on a light gray background.\" \/><\/div>                                \n                                <div class=\"cat Award\">Award<\/div>                                <div class=\"textbox\">\n                                                                        <h3>m&amp;k is Blanchard\u00ae Global Partner of the Year<\/h3>\n                                    <div class=\"datum\">8.1.2024<\/div>                                    <div class=\"excerpt\"><p>When excellent partnership makes an impact: Our work was awarded the title of <sup>Blanchard\u00ae<\/sup> Global Partner of the Year 2023.<\/p>\n<\/div>\n                                                                    <\/div>\n                                <a class=\"more\" href=\"https:\/\/2026.mensch-und-kommunikation.de\/en\/2024\/01\/08\/mk-is-blanchard-global-partner-of-the-year\/\"><svg xmlns=\"http:\/\/www.w3.org\/2000\/svg\" width=\"39\" height=\"39\" viewBox=\"0 0 39 39\">\n  <g id=\"Group_95\" data-name=\"Group 95\" transform=\"translate(-379 -8933)\">\n    <circle id=\"Ellipse_76\" data-name=\"Ellipse 76\" cx=\"19.5\" cy=\"19.5\" r=\"19.5\" transform=\"translate(379 8933)\" fill=\"#00a1d8\"\/>\n    <path id=\"Path_50\" data-name=\"Path 50\" d=\"M3878.419,293.358l7.886,7.886h4.171l-7.886-7.886,7.886-7.886h-4.171Z\" transform=\"translate(4282.948 9246.244) rotate(180)\" fill=\"#1a1a1a\"\/>\n  <\/g>\n<\/svg>\nRead Post<\/a>                            <\/div><\/a> <\/div>\n\t\t                            <\/div>    <\/div>\n                <div class=\"col-lg-auto ms-auto mt-4 text-center d-xl-none\">\n                <div class=\"\">\n                    <div class=\"slider-controls\">\n    <button class=\"slider-control-prev me-2\" data-target=\"#slider-impact\"  data-slide=\"prev\" aria-label=\"Vorheriger Slide\">\n\t\t<span class=\"slider-control-prev-icon\" aria-hidden=\"true\"><svg xmlns=\"http:\/\/www.w3.org\/2000\/svg\" width=\"35\" height=\"35\" viewBox=\"0 0 35 35\">\n  <g id=\"Group_103\" data-name=\"Group 103\" transform=\"translate(1485 6587) rotate(180)\">\n    <circle id=\"Ellipse_62\" data-name=\"Ellipse 62\" cx=\"17.5\" cy=\"17.5\" r=\"17.5\" transform=\"translate(1450 6552)\" fill=\"#00a1d8\"\/>\n    <path id=\"Path_45\" data-name=\"Path 45\" d=\"M0,7.1l7.1,7.1h3.756l-7.1-7.1,7.1-7.1H7.1Z\" transform=\"translate(1472.986 6577.006) rotate(180)\" fill=\"#fff\"\/>\n  <\/g>\n<\/svg>\n<\/span>\n\t<\/button>\n\t<button class=\"slider-control-next\" data-target=\"#slider-impact\"  data-slide=\"next\" aria-label=\"N\u00e4chster Slide\">\n\t\t<span class=\"slider-control-next-icon\" aria-hidden=\"true\"><svg xmlns=\"http:\/\/www.w3.org\/2000\/svg\" width=\"35\" height=\"35\" viewBox=\"0 0 35 35\">\n  <g id=\"Group_104\" data-name=\"Group 104\" transform=\"translate(-1450 -6552)\">\n    <circle id=\"Ellipse_62\" data-name=\"Ellipse 62\" cx=\"17.5\" cy=\"17.5\" r=\"17.5\" transform=\"translate(1450 6552)\" fill=\"#00a1d8\"\/>\n    <path id=\"Path_45\" data-name=\"Path 45\" d=\"M0,7.1l7.1,7.1h3.756l-7.1-7.1,7.1-7.1H7.1Z\" transform=\"translate(1472.986 6577.006) rotate(180)\" fill=\"#fff\"\/>\n  <\/g>\n<\/svg>\n<\/span>\n\t<\/button>\n<\/div>                <\/div>\n            <\/div>\n        \n        <\/div>\n    <\/div>\n<\/section>","protected":false},"excerpt":{"rendered":"","protected":false},"author":1,"featured_media":0,"parent":0,"menu_order":3,"comment_status":"closed","ping_status":"closed","template":"","meta":{"_acf_changed":false,"footnotes":""},"class_list":["post-2555","page","type-page","status-publish","hentry"],"acf":[],"yoast_head":"<!-- This site is optimized with the Yoast SEO Premium plugin v27.2 (Yoast SEO v27.5) - https:\/\/yoast.com\/product\/yoast-seo-premium-wordpress\/ -->\n<title>Contact us - mensch &amp; kommunikation<\/title>\n<meta name=\"description\" content=\"Do you have any questions or would you like to find out more? Get in touch with mensch &amp; kommunikation - we look forward to hearing from you.\" \/>\n<meta name=\"robots\" content=\"index, follow, max-snippet:-1, max-image-preview:large, max-video-preview:-1\" \/>\n<link rel=\"canonical\" href=\"https:\/\/2026.mensch-und-kommunikation.de\/en\/contact-us\/\" \/>\n<meta property=\"og:locale\" content=\"en_US\" \/>\n<meta property=\"og:type\" content=\"article\" \/>\n<meta property=\"og:title\" content=\"Contact us\" \/>\n<meta property=\"og:description\" content=\"Do you have any questions or would you like to find out more? Get in touch with mensch &amp; kommunikation - we look forward to hearing from you.\" \/>\n<meta property=\"og:url\" content=\"https:\/\/2026.mensch-und-kommunikation.de\/en\/contact-us\/\" \/>\n<meta property=\"og:site_name\" content=\"mensch &amp; kommunikation\" \/>\n<meta property=\"article:modified_time\" content=\"2025-06-24T09:12:22+00:00\" \/>\n<meta name=\"twitter:card\" content=\"summary_large_image\" \/>\n<script type=\"application\/ld+json\" class=\"yoast-schema-graph\">{\"@context\":\"https:\\\/\\\/schema.org\",\"@graph\":[{\"@type\":\"WebPage\",\"@id\":\"https:\\\/\\\/2026.mensch-und-kommunikation.de\\\/en\\\/contact-us\\\/\",\"url\":\"https:\\\/\\\/2026.mensch-und-kommunikation.de\\\/en\\\/contact-us\\\/\",\"name\":\"Contact us - mensch &amp; kommunikation\",\"isPartOf\":{\"@id\":\"https:\\\/\\\/2026.mensch-und-kommunikation.de\\\/en\\\/#website\"},\"datePublished\":\"2025-04-10T12:31:46+00:00\",\"dateModified\":\"2025-06-24T09:12:22+00:00\",\"description\":\"Do you have any questions or would you like to find out more? Get in touch with mensch & kommunikation - we look forward to hearing from you.\",\"breadcrumb\":{\"@id\":\"https:\\\/\\\/2026.mensch-und-kommunikation.de\\\/en\\\/contact-us\\\/#breadcrumb\"},\"inLanguage\":\"en-US\",\"potentialAction\":[{\"@type\":\"ReadAction\",\"target\":[\"https:\\\/\\\/2026.mensch-und-kommunikation.de\\\/en\\\/contact-us\\\/\"]}]},{\"@type\":\"BreadcrumbList\",\"@id\":\"https:\\\/\\\/2026.mensch-und-kommunikation.de\\\/en\\\/contact-us\\\/#breadcrumb\",\"itemListElement\":[{\"@type\":\"ListItem\",\"position\":1,\"name\":\"Home\",\"item\":\"https:\\\/\\\/2026.mensch-und-kommunikation.de\\\/en\\\/\"},{\"@type\":\"ListItem\",\"position\":2,\"name\":\"Contact us\"}]},{\"@type\":\"WebSite\",\"@id\":\"https:\\\/\\\/2026.mensch-und-kommunikation.de\\\/en\\\/#website\",\"url\":\"https:\\\/\\\/2026.mensch-und-kommunikation.de\\\/en\\\/\",\"name\":\"mensch & kommunikation\",\"description\":\"learn. develop. grow.\",\"publisher\":{\"@id\":\"https:\\\/\\\/2026.mensch-und-kommunikation.de\\\/en\\\/#organization\"},\"alternateName\":\"m&k\",\"potentialAction\":[{\"@type\":\"SearchAction\",\"target\":{\"@type\":\"EntryPoint\",\"urlTemplate\":\"https:\\\/\\\/2026.mensch-und-kommunikation.de\\\/en\\\/?s={search_term_string}\"},\"query-input\":{\"@type\":\"PropertyValueSpecification\",\"valueRequired\":true,\"valueName\":\"search_term_string\"}}],\"inLanguage\":\"en-US\"},{\"@type\":\"Organization\",\"@id\":\"https:\\\/\\\/2026.mensch-und-kommunikation.de\\\/en\\\/#organization\",\"name\":\"mensch & kommunikation GmbH\",\"url\":\"https:\\\/\\\/2026.mensch-und-kommunikation.de\\\/en\\\/\",\"logo\":{\"@type\":\"ImageObject\",\"inLanguage\":\"en-US\",\"@id\":\"https:\\\/\\\/2026.mensch-und-kommunikation.de\\\/en\\\/#\\\/schema\\\/logo\\\/image\\\/\",\"url\":\"https:\\\/\\\/2026.mensch-und-kommunikation.de\\\/wp-content\\\/uploads\\\/2025\\\/05\\\/Logo-mk-Claim-2023-RGB-1000px-Kopie.jpg\",\"contentUrl\":\"https:\\\/\\\/2026.mensch-und-kommunikation.de\\\/wp-content\\\/uploads\\\/2025\\\/05\\\/Logo-mk-Claim-2023-RGB-1000px-Kopie.jpg\",\"width\":1000,\"height\":521,\"caption\":\"mensch & kommunikation GmbH\"},\"image\":{\"@id\":\"https:\\\/\\\/2026.mensch-und-kommunikation.de\\\/en\\\/#\\\/schema\\\/logo\\\/image\\\/\"},\"sameAs\":[\"https:\\\/\\\/www.linkedin.com\\\/company\\\/mensch-kommunikation-gmbh\"],\"description\":\"Die mensch & kommunikation GmbH ist ein seit 2011 etablierter Anbieter von Kommunikationtrainings und F\u00fchrungstrainings mit dem Fokus auf mittlere und gro\u00dfe Organisationen und Unternehmen. Wir sind als Blanchard Global Partner zertifiziert\",\"email\":\"info@menschundkommunikation.de\",\"telephone\":\"+49 89 41 61 37 800\",\"legalName\":\"mensch & kommunikation GmbH\",\"foundingDate\":\"2011-01-02\",\"vatID\":\"DE275433591\",\"duns\":\"341895701\",\"leiCode\":\"9845004FF1F8DC08B449\",\"numberOfEmployees\":{\"@type\":\"QuantitativeValue\",\"minValue\":\"1\",\"maxValue\":\"10\"}}]}<\/script>\n<!-- \/ Yoast SEO Premium plugin. -->","yoast_head_json":{"title":"Contact us - mensch &amp; kommunikation","description":"Do you have any questions or would you like to find out more? Get in touch with mensch & kommunikation - we look forward to hearing from you.","robots":{"index":"index","follow":"follow","max-snippet":"max-snippet:-1","max-image-preview":"max-image-preview:large","max-video-preview":"max-video-preview:-1"},"canonical":"https:\/\/2026.mensch-und-kommunikation.de\/en\/contact-us\/","og_locale":"en_US","og_type":"article","og_title":"Contact us","og_description":"Do you have any questions or would you like to find out more? Get in touch with mensch & kommunikation - we look forward to hearing from you.","og_url":"https:\/\/2026.mensch-und-kommunikation.de\/en\/contact-us\/","og_site_name":"mensch &amp; kommunikation","article_modified_time":"2025-06-24T09:12:22+00:00","twitter_card":"summary_large_image","schema":{"@context":"https:\/\/schema.org","@graph":[{"@type":"WebPage","@id":"https:\/\/2026.mensch-und-kommunikation.de\/en\/contact-us\/","url":"https:\/\/2026.mensch-und-kommunikation.de\/en\/contact-us\/","name":"Contact us - mensch &amp; kommunikation","isPartOf":{"@id":"https:\/\/2026.mensch-und-kommunikation.de\/en\/#website"},"datePublished":"2025-04-10T12:31:46+00:00","dateModified":"2025-06-24T09:12:22+00:00","description":"Do you have any questions or would you like to find out more? Get in touch with mensch & kommunikation - we look forward to hearing from you.","breadcrumb":{"@id":"https:\/\/2026.mensch-und-kommunikation.de\/en\/contact-us\/#breadcrumb"},"inLanguage":"en-US","potentialAction":[{"@type":"ReadAction","target":["https:\/\/2026.mensch-und-kommunikation.de\/en\/contact-us\/"]}]},{"@type":"BreadcrumbList","@id":"https:\/\/2026.mensch-und-kommunikation.de\/en\/contact-us\/#breadcrumb","itemListElement":[{"@type":"ListItem","position":1,"name":"Home","item":"https:\/\/2026.mensch-und-kommunikation.de\/en\/"},{"@type":"ListItem","position":2,"name":"Contact us"}]},{"@type":"WebSite","@id":"https:\/\/2026.mensch-und-kommunikation.de\/en\/#website","url":"https:\/\/2026.mensch-und-kommunikation.de\/en\/","name":"mensch & kommunikation","description":"learn. develop. grow.","publisher":{"@id":"https:\/\/2026.mensch-und-kommunikation.de\/en\/#organization"},"alternateName":"m&k","potentialAction":[{"@type":"SearchAction","target":{"@type":"EntryPoint","urlTemplate":"https:\/\/2026.mensch-und-kommunikation.de\/en\/?s={search_term_string}"},"query-input":{"@type":"PropertyValueSpecification","valueRequired":true,"valueName":"search_term_string"}}],"inLanguage":"en-US"},{"@type":"Organization","@id":"https:\/\/2026.mensch-und-kommunikation.de\/en\/#organization","name":"mensch & kommunikation GmbH","url":"https:\/\/2026.mensch-und-kommunikation.de\/en\/","logo":{"@type":"ImageObject","inLanguage":"en-US","@id":"https:\/\/2026.mensch-und-kommunikation.de\/en\/#\/schema\/logo\/image\/","url":"https:\/\/2026.mensch-und-kommunikation.de\/wp-content\/uploads\/2025\/05\/Logo-mk-Claim-2023-RGB-1000px-Kopie.jpg","contentUrl":"https:\/\/2026.mensch-und-kommunikation.de\/wp-content\/uploads\/2025\/05\/Logo-mk-Claim-2023-RGB-1000px-Kopie.jpg","width":1000,"height":521,"caption":"mensch & kommunikation GmbH"},"image":{"@id":"https:\/\/2026.mensch-und-kommunikation.de\/en\/#\/schema\/logo\/image\/"},"sameAs":["https:\/\/www.linkedin.com\/company\/mensch-kommunikation-gmbh"],"description":"Die mensch & kommunikation GmbH ist ein seit 2011 etablierter Anbieter von Kommunikationtrainings und F\u00fchrungstrainings mit dem Fokus auf mittlere und gro\u00dfe Organisationen und Unternehmen. Wir sind als Blanchard Global Partner zertifiziert","email":"info@menschundkommunikation.de","telephone":"+49 89 41 61 37 800","legalName":"mensch & kommunikation GmbH","foundingDate":"2011-01-02","vatID":"DE275433591","duns":"341895701","leiCode":"9845004FF1F8DC08B449","numberOfEmployees":{"@type":"QuantitativeValue","minValue":"1","maxValue":"10"}}]}},"_links":{"self":[{"href":"https:\/\/2026.mensch-und-kommunikation.de\/en\/wp-json\/wp\/v2\/pages\/2555","targetHints":{"allow":["GET"]}}],"collection":[{"href":"https:\/\/2026.mensch-und-kommunikation.de\/en\/wp-json\/wp\/v2\/pages"}],"about":[{"href":"https:\/\/2026.mensch-und-kommunikation.de\/en\/wp-json\/wp\/v2\/types\/page"}],"author":[{"embeddable":true,"href":"https:\/\/2026.mensch-und-kommunikation.de\/en\/wp-json\/wp\/v2\/users\/1"}],"replies":[{"embeddable":true,"href":"https:\/\/2026.mensch-und-kommunikation.de\/en\/wp-json\/wp\/v2\/comments?post=2555"}],"version-history":[{"count":8,"href":"https:\/\/2026.mensch-und-kommunikation.de\/en\/wp-json\/wp\/v2\/pages\/2555\/revisions"}],"predecessor-version":[{"id":2999,"href":"https:\/\/2026.mensch-und-kommunikation.de\/en\/wp-json\/wp\/v2\/pages\/2555\/revisions\/2999"}],"wp:attachment":[{"href":"https:\/\/2026.mensch-und-kommunikation.de\/en\/wp-json\/wp\/v2\/media?parent=2555"}],"curies":[{"name":"wp","href":"https:\/\/api.w.org\/{rel}","templated":true}]}}